{"id":238,"date":"2012-11-11T20:34:57","date_gmt":"2012-11-11T20:34:57","guid":{"rendered":"http:\/\/www.faltmataren.se\/?page_id=238"},"modified":"2012-11-14T12:17:40","modified_gmt":"2012-11-14T12:17:40","slug":"miljo","status":"publish","type":"page","link":"https:\/\/www.faltmataren.se\/?page_id=238","title":{"rendered":"Milj\u00f6"},"content":{"rendered":"<p>Vi har en gemensam k\u00e4llsortering f\u00f6r matrester, plastf\u00f6rpackningar, pappersf\u00f6rpackningar, tidningar, metall och br\u00e4nnbart. L\u00e5sbara k\u00e4rl finns vid parkeringarna och sopavgiften ing\u00e5r i avgiften till samf\u00e4lligheten.<\/p>\n<p>F\u00f6r matrester finns pappersp\u00e5sar som respektive l\u00e4ngrepresentant kan hj\u00e4lpa till med om de \u00e4r slut.<\/p>\n","protected":false},"excerpt":{"rendered":"<p>Vi har en gemensam k\u00e4llsortering f\u00f6r matrester, plastf\u00f6rpackningar, pappersf\u00f6rpackningar, tidningar, metall och br\u00e4nnbart. L\u00e5sbara k\u00e4rl finns vid parkeringarna och sopavgiften ing\u00e5r i avgiften till samf\u00e4lligheten. F\u00f6r matrester finns pappersp\u00e5sar som respektive l\u00e4ngrepresentant kan hj\u00e4lpa till med om de \u00e4r slut.<\/p>\n","protected":false},"author":1,"featured_media":0,"parent":0,"menu_order":0,"comment_status":"closed","ping_status":"closed","template":"template-information.php","meta":{"ngg_post_thumbnail":0},"_links":{"self":[{"href":"https:\/\/www.faltmataren.se\/index.php?rest_route=\/wp\/v2\/pages\/238"}],"collection":[{"href":"https:\/\/www.faltmataren.se\/index.php?rest_route=\/wp\/v2\/pages"}],"about":[{"href":"https:\/\/www.faltmataren.se\/index.php?rest_route=\/wp\/v2\/types\/page"}],"author":[{"embeddable":true,"href":"https:\/\/www.faltmataren.se\/index.php?rest_route=\/wp\/v2\/users\/1"}],"replies":[{"embeddable":true,"href":"https:\/\/www.faltmataren.se\/index.php?rest_route=%2Fwp%2Fv2%2Fcomments&post=238"}],"version-history":[{"count":5,"href":"https:\/\/www.faltmataren.se\/index.php?rest_route=\/wp\/v2\/pages\/238\/revisions"}],"predecessor-version":[{"id":241,"href":"https:\/\/www.faltmataren.se\/index.php?rest_route=\/wp\/v2\/pages\/238\/revisions\/241"}],"wp:attachment":[{"href":"https:\/\/www.faltmataren.se\/index.php?rest_route=%2Fwp%2Fv2%2Fmedia&parent=238"}],"curies":[{"name":"wp","href":"https:\/\/api.w.org\/{rel}","templated":true}]}}