{"id":203,"date":"2012-11-11T09:00:59","date_gmt":"2012-11-11T09:00:59","guid":{"rendered":"http:\/\/www.faltmataren.se\/?page_id=203"},"modified":"2014-09-17T07:47:38","modified_gmt":"2014-09-17T07:47:38","slug":"skotselomrade","status":"publish","type":"page","link":"https:\/\/www.faltmataren.se\/?page_id=203","title":{"rendered":"Sk\u00f6tselomr\u00e5de"},"content":{"rendered":"<p>Varje l\u00e4nga ansvarar f\u00f6r ett sk\u00f6tselomr\u00e5de enligt nedan. Detta inneb\u00e4r att l\u00e4ngan, med sin l\u00e4ngrepresentant i spetsen, under hela \u00e5ret ansvarar f\u00f6r sitt omr\u00e5de vad g\u00e4ller ordning och reda som att plocka skr\u00e4p, rensa ogr\u00e4s, v\u00e5rda rabatter och lekredskap etc. Samf\u00e4lligheten har 4 st\u00e4dtillf\u00e4lle per \u00e5r d\u00e5 varje l\u00e4nga ska sk\u00f6ta sitt omr\u00e5de.<\/p>\n<p>&nbsp;<\/p>\n<p><b><span style=\"color: #333333;\"><span style=\"color: #333333;\">L\u00e4nga 1:<\/span><\/span><\/b><span style=\"color: #333333;\"><span style=\"color: #333333;\">\u00a0Parkeringen nedanf\u00f6r l\u00e4nga 1 och omgivande planteringar.\u00a0Skottning och halkbek\u00e4mpning av g\u00e5ng vid spolplattan. R<\/span><\/span>ensning av l\u00f6v och grenar p\u00e5 gr\u00e4smattan vid behov. <i><br \/>\n<\/i><\/p>\n<p align=\"justify\"><b><span style=\"color: #333333;\"><span style=\"color: #333333;\">L\u00e4nga 2:<\/span><\/span><\/b><span style=\"color: #333333;\"><span style=\"color: #333333;\">\u00a0Lekplatsen vid l\u00e4nga 1 inklusive lekredskap och rabatter.\u00a0<\/span><\/span>St\u00e4dning av sopsk\u00e5pen p\u00e5 s\u00f6dra avfallsstationen m\u00e5nadsvis.<\/p>\n<p align=\"justify\"><b><span style=\"color: #333333;\"><span style=\"color: #333333;\">L\u00e4nga 3:<\/span><\/span><\/b><span style=\"color: #333333;\"><span style=\"color: #333333;\">\u00a0Lekplatsen vid l\u00e4nga 2 inklusive lekredskap och rabatter.\u00a0Klippning\u00a0av gr\u00e4smattan.<\/span><\/span><\/p>\n<p align=\"justify\"><b><span style=\"color: #333333;\"><span style=\"color: #333333;\">L\u00e4nga 4:<\/span><\/span><\/b><span style=\"color: #333333;\"><span style=\"color: #333333;\">\u00a0Lekplatsen vid l\u00e4nga 2 inklusive lekredskap och rabatter.\u00a0Klippning\u00a0av gr\u00e4smattan.<\/span><\/span><\/p>\n<p align=\"justify\"><b><span style=\"color: #333333;\"><span style=\"color: #333333;\">L\u00e4nga 5:<\/span><\/span><\/b><span style=\"color: #333333;\">\u00a0S\u00f6dra parkeringen &amp; rensning intill v\u00e4ggen bakom s\u00f6dra garagel\u00e4ngan.\u00a0<\/span><span style=\"color: #333333;\"><span style=\"color: #333333;\">Klippning vid v\u00e4ndplan s\u00f6dra matarg\u00e5ngen.\u00a0St\u00e4dning runt s\u00f6dra avfallsstationens sopsk\u00e5p.<\/span><\/span><\/p>\n<p align=\"justify\"><b><span style=\"color: #333333;\"><span style=\"color: #333333;\">L\u00e4nga 6:<\/span><\/span><\/b><span style=\"color: #333333;\"><span style=\"color: #333333;\">\u00a0Parkeringen nedanf\u00f6r l\u00e4nga 6 och omgivande planteringar.\u00a0St\u00e4dning runt sopsk\u00e5pen vid mellersta avfallsstationen. Rensning av l\u00f6v och grenar p\u00e5 gr\u00e4smattan vid behov.<br \/>\n<\/span><\/span><\/p>\n<p align=\"justify\"><b><span style=\"color: #333333;\"><span style=\"color: #333333;\">L\u00e4nga 7:<\/span><\/span><\/b><span style=\"color: #333333;\"><span style=\"color: #333333;\">\u00a0Lekplatsen vid l\u00e4nga 1 inklusive lekredskap och rabatter.\u00a0St\u00e4dning av sopsk\u00e5pen p\u00e5 mellersta avfallsstationen m\u00e5nadsvis.<\/span><\/span><\/p>\n<p align=\"justify\"><b><span style=\"color: #333333;\"><span style=\"color: #333333;\">L\u00e4nga 8:<\/span><\/span><\/b><span style=\"color: #333333;\"><span style=\"color: #333333;\">\u00a0Sopning och renh\u00e5llning av 3 matarg\u00e5ngar.\u00a0H\u00e5lla ordning och st\u00e4da i f\u00f6reningens gemensamma garage.<\/span><\/span><\/p>\n<p align=\"justify\"><b><span style=\"color: #333333;\"><span style=\"color: #333333;\">L\u00e4nga 9:<\/span><\/span><\/b><span style=\"color: #333333;\"><span style=\"color: #333333;\">\u00a0Parkeringen nedanf\u00f6r l\u00e4nga 9 och omgivande planteringar.\u00a0St\u00e4dning runt sopsk\u00e5pen vid norra avfallsstationen. Rensning av l\u00f6v och grenar p\u00e5 gr\u00e4smattan vid behov.<br \/>\n<\/span><\/span><\/p>\n<p align=\"justify\"><b><span style=\"color: #333333;\"><span style=\"color: #333333;\">L\u00e4nga 10:<\/span><\/span><\/b><span style=\"color: #333333;\"><span style=\"color: #333333;\">\u00a0Plocka bort \u201dfr\u00e4mmande f\u00f6rem\u00e5l\u201d vid b\u00e4cken.\u00a0Sn\u00f6skottning och halkbek\u00e4mpning vid bulor p\u00e5 norra matarg\u00e5ngen.<\/span><\/span><\/p>\n<p align=\"justify\"><b><span style=\"color: #333333;\"><span style=\"color: #333333;\">L\u00e4nga 11:<\/span><\/span><\/b><span style=\"color: #333333;\"><span style=\"color: #333333;\">\u00a0Plocka bort \u201dfr\u00e4mmande f\u00f6rem\u00e5l\u201d vid b\u00e4cken.\u00a0St\u00e4dning av sopsk\u00e5pen p\u00e5 norra avfallsstationen m\u00e5nadsvis.<\/span><\/span><\/p>\n<p align=\"center\"><i><b><span style=\"color: #333333;\"><span style=\"color: #333333;\">Varje l\u00e4nga ska \u00e4ven rensa dagvattenbrunnarna framf\u00f6r \u201dsin\u201d l\u00e4nga<\/span><\/span><\/b><\/i><\/p>\n","protected":false},"excerpt":{"rendered":"<p>Varje l\u00e4nga ansvarar f\u00f6r ett sk\u00f6tselomr\u00e5de enligt nedan. Detta inneb\u00e4r att l\u00e4ngan, med sin l\u00e4ngrepresentant i spetsen, under hela \u00e5ret ansvarar f\u00f6r sitt omr\u00e5de vad g\u00e4ller ordning och reda som att plocka skr\u00e4p, rensa ogr\u00e4s, v\u00e5rda rabatter och lekredskap etc. Samf\u00e4lligheten har 4 st\u00e4dtillf\u00e4lle per \u00e5r d\u00e5 varje l\u00e4nga ska sk\u00f6ta sitt omr\u00e5de. &nbsp; L\u00e4nga [&hellip;]<\/p>\n","protected":false},"author":1,"featured_media":0,"parent":0,"menu_order":0,"comment_status":"closed","ping_status":"closed","template":"template-information.php","meta":{"ngg_post_thumbnail":0},"_links":{"self":[{"href":"https:\/\/www.faltmataren.se\/index.php?rest_route=\/wp\/v2\/pages\/203"}],"collection":[{"href":"https:\/\/www.faltmataren.se\/index.php?rest_route=\/wp\/v2\/pages"}],"about":[{"href":"https:\/\/www.faltmataren.se\/index.php?rest_route=\/wp\/v2\/types\/page"}],"author":[{"embeddable":true,"href":"https:\/\/www.faltmataren.se\/index.php?rest_route=\/wp\/v2\/users\/1"}],"replies":[{"embeddable":true,"href":"https:\/\/www.faltmataren.se\/index.php?rest_route=%2Fwp%2Fv2%2Fcomments&post=203"}],"version-history":[{"count":8,"href":"https:\/\/www.faltmataren.se\/index.php?rest_route=\/wp\/v2\/pages\/203\/revisions"}],"predecessor-version":[{"id":260,"href":"https:\/\/www.faltmataren.se\/index.php?rest_route=\/wp\/v2\/pages\/203\/revisions\/260"}],"wp:attachment":[{"href":"https:\/\/www.faltmataren.se\/index.php?rest_route=%2Fwp%2Fv2%2Fmedia&parent=203"}],"curies":[{"name":"wp","href":"https:\/\/api.w.org\/{rel}","templated":true}]}}