{"id":187,"date":"2012-11-11T08:26:08","date_gmt":"2012-11-11T08:26:08","guid":{"rendered":"http:\/\/www.faltmataren.se\/?page_id=187"},"modified":"2023-02-24T13:50:41","modified_gmt":"2023-02-24T13:50:41","slug":"vanliga-fragor","status":"publish","type":"page","link":"https:\/\/www.faltmataren.se\/?page_id=187","title":{"rendered":"Vanliga fr\u00e5gor"},"content":{"rendered":"\n\n\n<ul>\n<li><strong>F\u00e5r jag k\u00f6ra bil framf\u00f6r husen?<\/strong>\n<ul>\n<li>G\u00e5ngarna framf\u00f6r husen t\u00e5l mindre belastning \u00e4n matarg\u00e5ngar. Bilk\u00f6rning b\u00f6r d\u00e4rf\u00f6r undvikas.<\/li>\n<\/ul>\n<\/li>\n\n\n\n<li><strong>F\u00e5r jag k\u00f6ra p\u00e5 matarg\u00e5ngen?<\/strong> \n<ul>\n<li>Biltrafik p\u00e5 matarg\u00e5ngarna f\u00e5r endast ske vid tyngre transporter till fastigheterna.<br>H\u00e5ll en barnv\u00e4nlig hastighet!<\/li>\n<\/ul>\n<\/li>\n\n\n\n<li><strong>Vad f\u00e5r jag ansluta i garaget? <\/strong>\n<ul>\n<li>Samf\u00e4lligheten betalar f\u00f6r elf\u00f6rbrukningen i garagen. F\u00f6r att h\u00e5lla ner kostnaderna g\u00e4ller f\u00f6ljande:<\/li>\n\n\n\n<li>Motorv\u00e4rmare skall anslutas via tidur som kopplar in den max 2 tim innan bilen skall anv\u00e4ndas. Fyra garage delar p\u00e5 en 10 A propp vilket ger ett maxuttag av ca 500 W per garage.<\/li>\n\n\n\n<li>Av s\u00e4kerhetssk\u00e4l \u00e4r det inte till\u00e5tet att ha kablar liggande p\u00e5 parkeringen. Bilar p\u00e5 parkeringen kan d\u00e4rf\u00f6r inte anslutas till eluttag.<\/li>\n\n\n\n<li>Anslutning av kup\u00e9v\u00e4rmare \u00e4r inte till\u00e5tet.<\/li>\n\n\n\n<li>Elektrisk utrustning f\u00f6r kontinurlig drift (t ex frysbox) f\u00e5r inte anslutas i garagen.<\/li>\n\n\n\n<li>Uppv\u00e4rmning av garagen \u00e4r inte till\u00e5ten<\/li>\n<\/ul>\n<\/li>\n\n\n\n<li><strong>Vad f\u00e5r jag sl\u00e4nga i sk\u00f6tselcontainern?<\/strong> \n<ul>\n<li>Sk\u00f6tseldagar.Vid fyra tillf\u00e4llen per \u00e5r har vi sk\u00f6tseldagar inom v\u00e5rt omr\u00e5de. D\u00e5 \u00e4r det sop- och rensning som g\u00e4ller de gemensamma ytorna.\u00a0<strong>Vid dessa tillf\u00e4llen hyr samf\u00e4lligheten containrar f\u00f6r tr\u00e4dg\u00e5rdsavfall som blir vid st\u00e4dningen, det \u00e4r \u00e4ven till\u00e5tet att sl\u00e4nga eget tr\u00e4dg\u00e5rdsavfall men INGET ANNAT.\u00a0<\/strong>Annat eget \u00f6vrigt skr\u00e4p f\u00e5r var och en sj\u00e4lv transportera till \u00c5tervinningen p\u00e5 Kik\u00e5s.<\/li>\n<\/ul>\n<\/li>\n\n\n\n<li><strong>Vad g\u00f6r jag med gamla vitvaror? <\/strong>\n<ul>\n<li>Saxat fr\u00e5n trivselregler:<\/li>\n\n\n\n<li>Vitvaror (kylsk\u00e5p, spisar etc) h\u00e4mtas gratis av kommunen. Ring 315 1000 och fr\u00e5ga efter Renh\u00e5llningen s\u00e5 f\u00e5r du besked n\u00e4r h\u00e4mtningen sker. Uppst\u00e4llning innan avh\u00e4mtning b\u00f6r undvikas f\u00f6r allas trevnad.<\/li>\n<\/ul>\n<\/li>\n\n\n\n<li><strong>Vad g\u00f6r jag om jag tappar bort bomnyckeln<\/strong>\n<ul>\n<li>Kontakta din l\u00e4ngdrepresentant och best\u00e4ll en ny. Du kommer att bli debiterad kostnaden f\u00f6r den nya nyckeln. I dagsl\u00e4get \u00e4r kostnaden 200 kronor.<\/li>\n<\/ul>\n<\/li>\n\n\n\n<li><strong>Vilken \u00e4r &#8220;min&#8221; parkeringsplats?<\/strong>\n<ul>\n<li>Varje fastighet disponerar en&nbsp;<strong>parkeringsplats<\/strong>&nbsp;utomhus, som komplement till garaget.<\/li>\n<\/ul>\n<\/li>\n\n\n\n<li><strong>Vilket sk\u00f6tselomr\u00e5de g\u00e4ller min l\u00e4nga?<\/strong>\n<ul>\n<li>Se&nbsp;<a href=\"http:\/\/www.faltmataren.se\/?page_id=203\">sk\u00f6tselomr\u00e5de<\/a><\/li>\n<\/ul>\n<\/li>\n\n\n\n<li><strong>Vinter och l\u00e5ngtidsf\u00f6rvaring av husvagn\/sl\u00e4p?<\/strong>\n<ul>\n<li>Vinterf\u00f6rvaring&nbsp;eller l\u00e5ngtidsuppst\u00e4llning av husvagnar o dyl \u00e4r inte till\u00e5tet p\u00e5 v\u00e5ra parkeringsplatser. Under sommarhalv\u00e5ret g\u00e5r det d\u00e4remot bra att parkera sin husvagn under de perioder den inte anv\u00e4nds, i m\u00e5n av plats.<\/li>\n<\/ul>\n<\/li>\n<\/ul>\n","protected":false},"excerpt":{"rendered":"","protected":false},"author":1,"featured_media":0,"parent":0,"menu_order":0,"comment_status":"closed","ping_status":"closed","template":"template-information.php","meta":{"ngg_post_thumbnail":0},"_links":{"self":[{"href":"https:\/\/www.faltmataren.se\/index.php?rest_route=\/wp\/v2\/pages\/187"}],"collection":[{"href":"https:\/\/www.faltmataren.se\/index.php?rest_route=\/wp\/v2\/pages"}],"about":[{"href":"https:\/\/www.faltmataren.se\/index.php?rest_route=\/wp\/v2\/types\/page"}],"author":[{"embeddable":true,"href":"https:\/\/www.faltmataren.se\/index.php?rest_route=\/wp\/v2\/users\/1"}],"replies":[{"embeddable":true,"href":"https:\/\/www.faltmataren.se\/index.php?rest_route=%2Fwp%2Fv2%2Fcomments&post=187"}],"version-history":[{"count":26,"href":"https:\/\/www.faltmataren.se\/index.php?rest_route=\/wp\/v2\/pages\/187\/revisions"}],"predecessor-version":[{"id":818,"href":"https:\/\/www.faltmataren.se\/index.php?rest_route=\/wp\/v2\/pages\/187\/revisions\/818"}],"wp:attachment":[{"href":"https:\/\/www.faltmataren.se\/index.php?rest_route=%2Fwp%2Fv2%2Fmedia&parent=187"}],"curies":[{"name":"wp","href":"https:\/\/api.w.org\/{rel}","templated":true}]}}